{"id":2753,"date":"2018-08-02T15:25:24","date_gmt":"2018-08-02T19:25:24","guid":{"rendered":"http:\/\/scene-ouverte.com\/?page_id=2753"},"modified":"2019-09-05T11:50:05","modified_gmt":"2019-09-05T15:50:05","slug":"board-of-directors","status":"publish","type":"page","link":"http:\/\/scene-ouverte.com\/en\/about\/board-of-directors\/","title":{"rendered":"Board of Directors"},"content":{"rendered":"<p><span style=\"font-family: arial, helvetica, sans-serif; font-size: 12pt;\"><em>President\u00a0 <\/em><\/span><br \/>\n<span style=\"font-family: arial, helvetica, sans-serif; font-size: 12pt;\">Vacant<\/span><\/p>\n<p><span style=\"font-family: arial, helvetica, sans-serif; font-size: 12pt;\"><em>Vice-President<\/em><em><br \/>\n<\/em><strong>Denys Lefebvre\u00a0<\/strong><br \/>\nArtistic and general manager | Tenon Mortaise<br \/>\n<\/span><\/p>\n<p><span style=\"font-family: arial, helvetica, sans-serif; font-size: 12pt;\"><em>Treasurer<\/em><\/span><br \/>\n<span style=\"font-family: arial, helvetica, sans-serif; font-size: 12pt;\"><strong>Caroline Target<\/strong><strong><br \/>\n<\/strong>Administrative director\u00a0&amp; co general director\u00a0| Le Moulin \u00e0 musique<\/span><\/p>\n<p><span style=\"font-family: arial, helvetica, sans-serif; font-size: 12pt;\"><em>Secretary<\/em><\/span><br \/>\n<span style=\"font-family: arial, helvetica, sans-serif; font-size: 12pt;\"><strong>Muriel De Zangroniz<\/strong><\/span><br \/>\n<span style=\"font-family: arial, helvetica, sans-serif; font-size: 12pt;\">Artistic and general manager | Toxique Trottoir<\/span><\/p>\n<p><span style=\"font-family: arial, helvetica, sans-serif; font-size: 12pt;\"><em>Administrators<\/em><\/span><br \/>\n<span style=\"font-family: arial, helvetica, sans-serif; font-size: 12pt;\"><strong>Patricia Bergeron<\/strong><\/span><br \/>\n<span style=\"font-family: arial, helvetica, sans-serif;\"><span style=\"font-size: 12pt;\">Artistic and general manager<\/span> | Th\u00e9\u00e2tre \u00c0 l\u2019Envers<\/span><\/p>\n","protected":false},"excerpt":{"rendered":"<p>President\u00a0 Vacant Vice-President Denys Lefebvre\u00a0 Artistic and general manager | Tenon Mortaise Treasurer Caroline Target Administrative director\u00a0&amp; co general director\u00a0| Le Moulin \u00e0 musique Secretary Muriel De Zangroniz Artistic and general manager | Toxique Trottoir Administrators Patricia Bergeron Artistic and general manager | Th\u00e9\u00e2tre \u00c0 l\u2019Envers<\/p>\n","protected":false},"author":8,"featured_media":0,"parent":2749,"menu_order":0,"comment_status":"closed","ping_status":"closed","template":"","meta":{"_mi_skip_tracking":false,"_exactmetrics_sitenote_active":false,"_exactmetrics_sitenote_note":"","_exactmetrics_sitenote_category":0,"footnotes":"","_links_to":"","_links_to_target":""},"categories":[],"class_list":["post-2753","page","type-page","status-publish","hentry"],"_links":{"self":[{"href":"http:\/\/scene-ouverte.com\/en\/wp-json\/wp\/v2\/pages\/2753\/"}],"collection":[{"href":"http:\/\/scene-ouverte.com\/en\/wp-json\/wp\/v2\/pages\/"}],"about":[{"href":"http:\/\/scene-ouverte.com\/en\/wp-json\/wp\/v2\/types\/page\/"}],"author":[{"embeddable":true,"href":"http:\/\/scene-ouverte.com\/en\/wp-json\/wp\/v2\/users\/8\/"}],"replies":[{"embeddable":true,"href":"http:\/\/scene-ouverte.com\/en\/wp-json\/wp\/v2\/comments\/?post=2753"}],"version-history":[{"count":18,"href":"http:\/\/scene-ouverte.com\/en\/wp-json\/wp\/v2\/pages\/2753\/revisions\/"}],"predecessor-version":[{"id":3765,"href":"http:\/\/scene-ouverte.com\/en\/wp-json\/wp\/v2\/pages\/2753\/revisions\/3765\/"}],"up":[{"embeddable":true,"href":"http:\/\/scene-ouverte.com\/en\/wp-json\/wp\/v2\/pages\/2749\/"}],"wp:attachment":[{"href":"http:\/\/scene-ouverte.com\/en\/wp-json\/wp\/v2\/media\/?parent=2753"}],"wp:term":[{"taxonomy":"category","embeddable":true,"href":"http:\/\/scene-ouverte.com\/en\/wp-json\/wp\/v2\/categories\/?post=2753"}],"curies":[{"name":"wp","href":"https:\/\/api.w.org\/{rel}","templated":true}]}}