{"id":2756,"date":"2018-08-02T09:36:45","date_gmt":"2018-08-02T13:36:45","guid":{"rendered":"http:\/\/scene-ouverte.com\/?page_id=2756"},"modified":"2018-08-23T17:00:41","modified_gmt":"2018-08-23T21:00:41","slug":"history","status":"publish","type":"page","link":"http:\/\/scene-ouverte.com\/en\/about\/history\/","title":{"rendered":"Our history"},"content":{"rendered":"<p style=\"text-align: justify;\"><span style=\"font-family: arial, helvetica, sans-serif; font-size: 12pt;\"><strong><em>Our history<\/em><\/strong><\/span><\/p>\n<p style=\"text-align: justify;\"><span style=\"font-family: arial, helvetica, sans-serif; font-size: 12pt;\">In 2004, four professional art organizations, namely, Groupe des 33, Moulin \u00e0 Musique, C\u00f4t\u00e9 Cour C\u00f4t\u00e9 Jardin et Les Sortil\u00e8ges, settled in a collective workspace at the Lapalme Center, under the direction of the Corporation de d\u00e9veloppement communautaire de Rosemont.<\/span><\/p>\n<p style=\"text-align: justify;\"><span style=\"font-family: arial, helvetica, sans-serif; font-size: 12pt;\">Later, in 2006, these organizations integrated the non-profit organization Sc\u00e8ne-Ouverte while seven new members joined the collective workspace. By 2014, our bureau of artistic support and accompaniment was set up and offered artistic development project services as well as communication and administration services to 10 artistic performing and street arts organizations.<\/span><\/p>\n<p style=\"text-align: justify;\"><span style=\"font-family: arial, helvetica, sans-serif; font-size: 12pt;\">The activities of support\/accompaniment services offered by Sc\u00e8ne-Ouverte have grown substantially since the beginning of 2018 with its new business model. By the end of 2018, this continuous growth shall provide support to close to 25 artistic companies, gathering nearly 200 local artists within at least forty artistic projects.<\/span><\/p>\n","protected":false},"excerpt":{"rendered":"<p>Our history In 2004, four professional art organizations, namely, Groupe des 33, Moulin \u00e0 Musique, C\u00f4t\u00e9 Cour C\u00f4t\u00e9 Jardin et Les Sortil\u00e8ges, settled in a collective workspace at the Lapalme Center, under the direction of the Corporation de d\u00e9veloppement communautaire de Rosemont. Later, in 2006, these organizations integrated the non-profit organization Sc\u00e8ne-Ouverte while seven new [&hellip;]<\/p>\n","protected":false},"author":8,"featured_media":0,"parent":2749,"menu_order":0,"comment_status":"closed","ping_status":"closed","template":"","meta":{"_mi_skip_tracking":false,"_exactmetrics_sitenote_active":false,"_exactmetrics_sitenote_note":"","_exactmetrics_sitenote_category":0,"footnotes":"","_links_to":"","_links_to_target":""},"categories":[],"class_list":["post-2756","page","type-page","status-publish","hentry"],"_links":{"self":[{"href":"http:\/\/scene-ouverte.com\/en\/wp-json\/wp\/v2\/pages\/2756\/"}],"collection":[{"href":"http:\/\/scene-ouverte.com\/en\/wp-json\/wp\/v2\/pages\/"}],"about":[{"href":"http:\/\/scene-ouverte.com\/en\/wp-json\/wp\/v2\/types\/page\/"}],"author":[{"embeddable":true,"href":"http:\/\/scene-ouverte.com\/en\/wp-json\/wp\/v2\/users\/8\/"}],"replies":[{"embeddable":true,"href":"http:\/\/scene-ouverte.com\/en\/wp-json\/wp\/v2\/comments\/?post=2756"}],"version-history":[{"count":6,"href":"http:\/\/scene-ouverte.com\/en\/wp-json\/wp\/v2\/pages\/2756\/revisions\/"}],"predecessor-version":[{"id":3296,"href":"http:\/\/scene-ouverte.com\/en\/wp-json\/wp\/v2\/pages\/2756\/revisions\/3296\/"}],"up":[{"embeddable":true,"href":"http:\/\/scene-ouverte.com\/en\/wp-json\/wp\/v2\/pages\/2749\/"}],"wp:attachment":[{"href":"http:\/\/scene-ouverte.com\/en\/wp-json\/wp\/v2\/media\/?parent=2756"}],"wp:term":[{"taxonomy":"category","embeddable":true,"href":"http:\/\/scene-ouverte.com\/en\/wp-json\/wp\/v2\/categories\/?post=2756"}],"curies":[{"name":"wp","href":"https:\/\/api.w.org\/{rel}","templated":true}]}}